{"id":417,"date":"2025-07-16T18:54:34","date_gmt":"2025-07-16T18:54:34","guid":{"rendered":"https:\/\/azulbusinessadvisors.com\/?page_id=417"},"modified":"2025-10-03T21:23:36","modified_gmt":"2025-10-03T21:23:36","slug":"privacy-policy","status":"publish","type":"page","link":"https:\/\/amerivestgroup.com\/es\/privacy-policy\/","title":{"rendered":"Pol\u00edtica de Privacidad"},"content":{"rendered":"<div data-elementor-type=\"wp-page\" data-elementor-id=\"417\" class=\"elementor elementor-417\" wpc-filter-elementor-widget=\"1\" data-elementor-post-type=\"page\">\n\t\t\t\t<div class=\"elementor-element elementor-element-1c80e69 e-flex e-con-boxed e-con e-parent\" data-id=\"1c80e69\" data-element_type=\"container\" data-e-type=\"container\">\n\t\t\t\t\t<div class=\"e-con-inner\">\n\t\t\t\t\t<\/div>\n\t\t\t\t<\/div>\n\t\t<div class=\"elementor-element elementor-element-16db09bf e-flex e-con-boxed e-con e-parent\" data-id=\"16db09bf\" data-element_type=\"container\" data-e-type=\"container\">\n\t\t\t\t\t<div class=\"e-con-inner\">\n\t\t\t\t<div class=\"elementor-element elementor-element-6ebd3df elementor-widget elementor-widget-heading\" data-id=\"6ebd3df\" data-element_type=\"widget\" data-e-type=\"widget\" data-widget_type=\"heading.default\">\n\t\t\t\t\t<h2 class=\"elementor-heading-title elementor-size-default\">Pol\u00edtica de Privacidad<\/h2>\t\t\t\t<\/div>\n\t\t\t\t\t<\/div>\n\t\t\t\t<\/div>\n\t\t<div class=\"elementor-element elementor-element-5291ed0 e-flex e-con-boxed e-con e-parent\" data-id=\"5291ed0\" data-element_type=\"container\" data-e-type=\"container\">\n\t\t\t\t\t<div class=\"e-con-inner\">\n\t\t\t\t<div class=\"elementor-element elementor-element-5ee7043 elementor-widget elementor-widget-text-editor\" data-id=\"5ee7043\" data-element_type=\"widget\" data-e-type=\"widget\" data-widget_type=\"text-editor.default\">\n\t\t\t\t\t\t\t\t\t<p data-start=\"474\" data-end=\"743\">Amerivest Group values your privacy and is committed to protecting your personal information. This Privacy Policy outlines how we collect, use, and safeguard the data you provide when using our website or engaging with our services.<\/p><hr data-start=\"745\" data-end=\"748\" \/><h5 data-start=\"750\" data-end=\"783\">1. <strong data-start=\"757\" data-end=\"783\">Informaci\u00f3n que Recopilamos<\/strong><\/h5><p data-start=\"785\" data-end=\"835\">Podemos recopilar los siguientes tipos de informaci\u00f3n:<\/p><ul data-start=\"837\" data-end=\"1154\"><li data-start=\"837\" data-end=\"923\"><p data-start=\"839\" data-end=\"923\"><strong data-start=\"839\" data-end=\"878\">Informaci\u00f3n de identificaci\u00f3n personal<\/strong> (nombre, n\u00famero de tel\u00e9fono, correo electr\u00f3nico, direcci\u00f3n postal).<\/p><\/li><li data-start=\"924\" data-end=\"1021\"><p data-start=\"926\" data-end=\"1021\"><strong data-start=\"926\" data-end=\"950\">Informaci\u00f3n comercial<\/strong> (nombre de la empresa, datos financieros, informaci\u00f3n operativa proporcionada voluntariamente).<\/p><\/li><li data-start=\"1022\" data-end=\"1086\"><p data-start=\"1024\" data-end=\"1086\"><strong data-start=\"1024\" data-end=\"1049\">Registros de comunicaci\u00f3n<\/strong> (correos electr\u00f3nicos, consultas, llamadas de asesor\u00eda).<\/p><\/li><li data-start=\"1087\" data-end=\"1154\"><p data-start=\"1089\" data-end=\"1154\"><strong data-start=\"1089\" data-end=\"1111\">Datos de uso del sitio web<\/strong> (a trav\u00e9s de cookies, herramientas de an\u00e1lisis, direcci\u00f3n IP).<\/p><\/li><\/ul><hr data-start=\"1156\" data-end=\"1159\" \/><h5 data-start=\"1161\" data-end=\"1199\">2. <strong data-start=\"1168\" data-end=\"1199\">C\u00f3mo Utilizamos su Informaci\u00f3n<\/strong><\/h5><p data-start=\"1201\" data-end=\"1228\">Utilizamos su informaci\u00f3n para:<\/p><ul data-start=\"1230\" data-end=\"1549\"><li data-start=\"1230\" data-end=\"1281\"><p data-start=\"1232\" data-end=\"1281\">Responder a consultas y agendar consultas.<\/p><\/li><li data-start=\"1282\" data-end=\"1334\"><p data-start=\"1284\" data-end=\"1334\">Brindar servicios de intermediaci\u00f3n y asesor\u00eda empresarial.<\/p><\/li><li data-start=\"1335\" data-end=\"1391\"><p data-start=\"1337\" data-end=\"1391\">Evaluar la idoneidad de compradores y vendedores.<\/p><\/li><li data-start=\"1392\" data-end=\"1453\"><p data-start=\"1394\" data-end=\"1453\">Mantener la confidencialidad en listados y esfuerzos de marketing.<\/p><\/li><li data-start=\"1454\" data-end=\"1502\"><p data-start=\"1456\" data-end=\"1502\">Mejorar la experiencia y funcionalidad del sitio web.<\/p><\/li><li data-start=\"1503\" data-end=\"1549\"><p data-start=\"1505\" data-end=\"1549\">Cumplir con obligaciones legales y regulatorias.<\/p><\/li><\/ul><p data-start=\"1551\" data-end=\"1625\"><strong>Nunca vendemos ni alquilamos su informaci\u00f3n personal a terceros.<\/strong><\/p><p>\u00a0<\/p><hr data-start=\"1627\" data-end=\"1630\" \/><h5 data-start=\"1632\" data-end=\"1679\">3. <strong data-start=\"1639\" data-end=\"1679\">Confidencialidad para Compradores y Vendedores<\/strong><\/h5><p data-start=\"1681\" data-end=\"1849\">Amerivest Group understands the sensitive nature of buying or selling a business. All client and deal-related information is handled with strict confidentiality.<\/p><ul data-start=\"1851\" data-end=\"2098\"><li data-start=\"1851\" data-end=\"2002\"><p data-start=\"1853\" data-end=\"2002\">Solo compartimos informaci\u00f3n no p\u00fablica con terceros (por ejemplo: abogados, prestamistas, contadores) <strong data-start=\"1942\" data-end=\"2002\">con su consentimiento o como parte del proceso de transacci\u00f3n.<\/strong><\/p><\/li><li data-start=\"2003\" data-end=\"2098\"><p data-start=\"2005\" data-end=\"2098\">Los acuerdos de confidencialidad (NDAs) son obligatorios antes de divulgar detalles confidenciales del negocio.<\/p><\/li><\/ul><hr data-start=\"2100\" data-end=\"2103\" \/><h5 data-start=\"2105\" data-end=\"2144\">4. <strong data-start=\"2112\" data-end=\"2144\">Uso de Cookies y Herramientas de An\u00e1lisis<\/strong><\/h5><p data-start=\"2146\" data-end=\"2373\">Nuestro sitio web puede utilizar cookies y herramientas de an\u00e1lisis (por ejemplo: Google Analytics) para recopilar datos an\u00f3nimos con fines de an\u00e1lisis de tr\u00e1fico y rendimiento. Esto nos ayuda a mejorar la experiencia del usuario, sin identificarlo personalmente.<\/p><p data-start=\"2375\" data-end=\"2434\">Usted puede ajustar la configuraci\u00f3n de cookies en su navegador en cualquier momento.<\/p><hr data-start=\"2436\" data-end=\"2439\" \/><h5 data-start=\"2441\" data-end=\"2469\">5. <strong data-start=\"2448\" data-end=\"2469\">Enlaces a Terceros<\/strong><\/h5><p data-start=\"2471\" data-end=\"2661\">Nuestro sitio web puede contener enlaces a sitios externos. No somos responsables del contenido ni de las pol\u00edticas de privacidad de dichos terceros. Recomendamos revisar sus respectivas pol\u00edticas de privacidad.<\/p><hr data-start=\"2663\" data-end=\"2666\" \/><h5 data-start=\"2668\" data-end=\"2692\">6. <strong data-start=\"2675\" data-end=\"2692\">Seguridad de los Datos<\/strong><\/h5><p data-start=\"2694\" data-end=\"2835\">Implementamos medidas t\u00e9cnicas y organizativas apropiadas para proteger su informaci\u00f3n personal frente a accesos no autorizados, divulgaciones o usos indebidos.<\/p><p data-start=\"2837\" data-end=\"2970\">Sin embargo, ning\u00fan m\u00e9todo de transmisi\u00f3n por Internet o de almacenamiento electr\u00f3nico es 100 % seguro, por lo que no podemos garantizar seguridad absoluta.<\/p><hr data-start=\"2972\" data-end=\"2975\" \/><h5 data-start=\"2977\" data-end=\"3011\">7. <strong data-start=\"2984\" data-end=\"3011\">Sus Derechos y Opciones<\/strong><\/h5><p data-start=\"3013\" data-end=\"3021\">Usted puede:<\/p><ul data-start=\"3023\" data-end=\"3206\"><li data-start=\"3023\" data-end=\"3101\"><p data-start=\"3025\" data-end=\"3101\">Solicitar acceso, correcci\u00f3n o eliminaci\u00f3n de su informaci\u00f3n personal.<\/p><\/li><li data-start=\"3102\" data-end=\"3153\"><p data-start=\"3104\" data-end=\"3153\">Cancelar la recepci\u00f3n de comunicaciones de marketing en cualquier momento.<\/p><\/li><li data-start=\"3154\" data-end=\"3206\"><p data-start=\"3156\" data-end=\"3206\">Solicitar que limitemos o detengamos el procesamiento de sus datos.<\/p><\/li><\/ul><p data-start=\"3208\" data-end=\"3287\">Para ejercer estos derechos, cont\u00e1ctenos a:<br data-start=\"3245\" data-end=\"3248\" \/><a href=\"mailto:admin@amerivestgroup.com\">admin@amerivestgroup.com<\/a><\/p><hr data-start=\"3289\" data-end=\"3292\" \/><h5 data-start=\"3294\" data-end=\"3323\">8. <strong data-start=\"3301\" data-end=\"3323\">Privacidad de Menores<\/strong><\/h5><p data-start=\"3325\" data-end=\"3441\">Nuestros servicios no est\u00e1n dirigidos a menores de 18 a\u00f1os. No recopilamos intencionalmente informaci\u00f3n personal de menores de edad.<\/p><hr data-start=\"3443\" data-end=\"3446\" \/><h5 data-start=\"3448\" data-end=\"3473\">9. <strong data-start=\"3455\" data-end=\"3473\">Actualizaciones de esta Pol\u00edtica<\/strong><\/h5><p data-start=\"3475\" data-end=\"3638\">Esta Pol\u00edtica de Privacidad puede actualizarse peri\u00f3dicamente. Las revisiones se publicar\u00e1n en esta misma p\u00e1gina con la nueva fecha de vigencia. Le recomendamos revisarla con regularidad.<\/p><hr data-start=\"3640\" data-end=\"3643\" \/><h5 data-start=\"3645\" data-end=\"3667\">10. <strong data-start=\"3653\" data-end=\"3667\">Cont\u00e1ctenos<\/strong><\/h5><p data-start=\"3669\" data-end=\"3741\">Para preguntas o inquietudes sobre esta Pol\u00edtica de Privacidad, por favor cont\u00e1ctenos:<\/p><p data-start=\"3743\" data-end=\"3871\"><strong data-start=\"3743\" data-end=\"3769\">Amerivest Group<\/strong><br data-start=\"3769\" data-end=\"3772\" \/><a href=\"mailto:admin@amerivestgroup.com\">admin@amerivestgroup.com<\/a><\/p>\t\t\t\t\t\t\t\t<\/div>\n\t\t\t\t\t<\/div>\n\t\t\t\t<\/div>\n\t\t\t\t<\/div>","protected":false},"excerpt":{"rendered":"<p>Privacy Policy Amerivest Group values your privacy and is committed to protecting your personal information. This Privacy Policy outlines how [&hellip;]<\/p>\n","protected":false},"author":1,"featured_media":0,"parent":0,"menu_order":0,"comment_status":"closed","ping_status":"closed","template":"","meta":{"site-sidebar-layout":"default","site-content-layout":"","ast-site-content-layout":"default","site-content-style":"default","site-sidebar-style":"default","ast-global-header-display":"","ast-banner-title-visibility":"","ast-main-header-display":"","ast-hfb-above-header-display":"","ast-hfb-below-header-display":"","ast-hfb-mobile-header-display":"","site-post-title":"","ast-breadcrumbs-content":"","ast-featured-img":"","footer-sml-layout":"","ast-disable-related-posts":"","theme-transparent-header-meta":"","adv-header-id-meta":"","stick-header-meta":"","header-above-stick-meta":"","header-main-stick-meta":"","header-below-stick-meta":"","astra-migrate-meta-layouts":"default","ast-page-background-enabled":"default","ast-page-background-meta":{"desktop":{"background-color":"var(--ast-global-color-4)","background-image":"","background-repeat":"repeat","background-position":"center center","background-size":"auto","background-attachment":"scroll","background-type":"","background-media":"","overlay-type":"","overlay-color":"","overlay-opacity":"","overlay-gradient":""},"tablet":{"background-color":"","background-image":"","background-repeat":"repeat","background-position":"center center","background-size":"auto","background-attachment":"scroll","background-type":"","background-media":"","overlay-type":"","overlay-color":"","overlay-opacity":"","overlay-gradient":""},"mobile":{"background-color":"","background-image":"","background-repeat":"repeat","background-position":"center center","background-size":"auto","background-attachment":"scroll","background-type":"","background-media":"","overlay-type":"","overlay-color":"","overlay-opacity":"","overlay-gradient":""}},"ast-content-background-meta":{"desktop":{"background-color":"var(--ast-global-color-5)","background-image":"","background-repeat":"repeat","background-position":"center center","background-size":"auto","background-attachment":"scroll","background-type":"","background-media":"","overlay-type":"","overlay-color":"","overlay-opacity":"","overlay-gradient":""},"tablet":{"background-color":"var(--ast-global-color-5)","background-image":"","background-repeat":"repeat","background-position":"center center","background-size":"auto","background-attachment":"scroll","background-type":"","background-media":"","overlay-type":"","overlay-color":"","overlay-opacity":"","overlay-gradient":""},"mobile":{"background-color":"var(--ast-global-color-5)","background-image":"","background-repeat":"repeat","background-position":"center center","background-size":"auto","background-attachment":"scroll","background-type":"","background-media":"","overlay-type":"","overlay-color":"","overlay-opacity":"","overlay-gradient":""}},"footnotes":""},"class_list":["post-417","page","type-page","status-publish","hentry"],"_links":{"self":[{"href":"https:\/\/amerivestgroup.com\/es\/wp-json\/wp\/v2\/pages\/417","targetHints":{"allow":["GET"]}}],"collection":[{"href":"https:\/\/amerivestgroup.com\/es\/wp-json\/wp\/v2\/pages"}],"about":[{"href":"https:\/\/amerivestgroup.com\/es\/wp-json\/wp\/v2\/types\/page"}],"author":[{"embeddable":true,"href":"https:\/\/amerivestgroup.com\/es\/wp-json\/wp\/v2\/users\/1"}],"replies":[{"embeddable":true,"href":"https:\/\/amerivestgroup.com\/es\/wp-json\/wp\/v2\/comments?post=417"}],"version-history":[{"count":12,"href":"https:\/\/amerivestgroup.com\/es\/wp-json\/wp\/v2\/pages\/417\/revisions"}],"predecessor-version":[{"id":2004,"href":"https:\/\/amerivestgroup.com\/es\/wp-json\/wp\/v2\/pages\/417\/revisions\/2004"}],"wp:attachment":[{"href":"https:\/\/amerivestgroup.com\/es\/wp-json\/wp\/v2\/media?parent=417"}],"curies":[{"name":"wp","href":"https:\/\/api.w.org\/{rel}","templated":true}]}}