{"id":29,"date":"2025-07-14T05:54:54","date_gmt":"2025-07-14T05:54:54","guid":{"rendered":"http:\/\/mkl.hfh.temporary.site\/about\/"},"modified":"2026-02-20T14:44:34","modified_gmt":"2026-02-20T14:44:34","slug":"about-us","status":"publish","type":"page","link":"https:\/\/amerivestgroup.com\/es\/about-us\/","title":{"rendered":"Qui\u00e9nes Somos"},"content":{"rendered":"<div data-elementor-type=\"wp-page\" data-elementor-id=\"29\" class=\"elementor elementor-29\" wpc-filter-elementor-widget=\"1\" data-elementor-post-type=\"page\">\n\t\t\t\t<div class=\"elementor-element elementor-element-63ebb6d9 e-flex e-con-boxed e-con e-parent\" data-id=\"63ebb6d9\" data-element_type=\"container\" data-e-type=\"container\" data-settings=\"{&quot;background_background&quot;:&quot;classic&quot;}\">\n\t\t\t\t\t<div class=\"e-con-inner\">\n\t\t\t\t<div class=\"elementor-element elementor-element-d3d8758 elementor-widget elementor-widget-heading\" data-id=\"d3d8758\" data-element_type=\"widget\" data-e-type=\"widget\" data-widget_type=\"heading.default\">\n\t\t\t\t\t<h1 class=\"elementor-heading-title elementor-size-default\">Intermediarios de Negocios desde 1983<\/h1>\t\t\t\t<\/div>\n\t\t\t\t<div class=\"elementor-element elementor-element-37c3820a elementor-widget__width-initial elementor-widget elementor-widget-text-editor\" data-id=\"37c3820a\" data-element_type=\"widget\" data-e-type=\"widget\" data-widget_type=\"text-editor.default\">\n\t\t\t\t\t\t\t\t\t<p data-start=\"391\" data-end=\"726\">En Amerivest, nos especializamos en guiar a los due\u00f1os de negocios de Florida a trav\u00e9s del importante proceso de comprar o vender una empresa. Ya sea que est\u00e9 prepar\u00e1ndose para salir de algo que ha construido durante d\u00e9cadas o buscando su pr\u00f3xima gran oportunidad, nuestra misi\u00f3n es la misma:<br \/><br \/><\/p><h6><strong><span style=\"color: #ffffff;\">Ayudarle a avanzar con claridad, confianza y resultados.<\/span><\/strong><\/h6><p>Combinamos experiencia global con conocimiento local, uniendo el an\u00e1lisis financiero de nivel institucional con la experiencia pr\u00e1ctica de emprender y ejecutar transacciones directamente.<\/p>\t\t\t\t\t\t\t\t<\/div>\n\t\t\t\t\t<\/div>\n\t\t\t\t<\/div>\n\t\t<div class=\"elementor-element elementor-element-4f76bf5 e-flex e-con-boxed e-con e-parent\" data-id=\"4f76bf5\" data-element_type=\"container\" data-e-type=\"container\">\n\t\t\t\t\t<div class=\"e-con-inner\">\n\t\t<div class=\"elementor-element elementor-element-1ef2375 e-con-full e-flex e-con e-child\" data-id=\"1ef2375\" data-element_type=\"container\" data-e-type=\"container\">\n\t\t\t\t<div class=\"elementor-element elementor-element-1253a77 elementor-widget-mobile__width-inherit elementor-widget elementor-widget-heading\" data-id=\"1253a77\" data-element_type=\"widget\" data-e-type=\"widget\" data-widget_type=\"heading.default\">\n\t\t\t\t\t<h2 class=\"elementor-heading-title elementor-size-default\">Nuestra Historia<\/h2>\t\t\t\t<\/div>\n\t\t\t\t<div class=\"elementor-element elementor-element-4d59e48 elementor-widget__width-inherit elementor-widget-mobile__width-inherit elementor-widget elementor-widget-text-editor\" data-id=\"4d59e48\" data-element_type=\"widget\" data-e-type=\"widget\" data-widget_type=\"text-editor.default\">\n\t\t\t\t\t\t\t\t\t<p data-start=\"155\" data-end=\"536\">Amerivest Group fue fundada en 1983 por <strong data-start=\"194\" data-end=\"213\">Chuck Spallitta<\/strong>, un empresario con amplia experiencia que vio la necesidad de ofrecer servicios de corretaje de negocios profesionales, \u00e9ticos y efectivos en Florida. Chuck reconoci\u00f3 que vender o comprar un negocio es una de las decisiones financieras y personales m\u00e1s importantes que puede tomar un propietario \u2014 y que requiere mucho m\u00e1s que simplemente poner una empresa en venta.<\/p><p data-start=\"155\" data-end=\"536\">\u00a0<\/p><p data-start=\"538\" data-end=\"832\">Con esa visi\u00f3n, construy\u00f3 Amerivest sobre cuatro pilares: <strong data-start=\"592\" data-end=\"653\">confidencialidad, integridad, profesionalismo y resultados.<\/strong> Desde el principio, Chuck y su equipo se enfocaron en ofrecer <strong data-start=\"714\" data-end=\"738\">asesor\u00eda justa y honesta<\/strong> y en guiar a los due\u00f1os de negocios en cada etapa del proceso \u2014 desde la valoraci\u00f3n hasta el cierre.<\/p><p data-start=\"538\" data-end=\"832\">\u00a0<\/p><p data-start=\"834\" data-end=\"1173\">Con el paso de las d\u00e9cadas, Amerivest creci\u00f3 hasta convertirse en una de las principales firmas de corretaje de negocios y fusiones &amp; adquisiciones de Florida, cerrando <strong data-start=\"939\" data-end=\"967\">cientos de transacciones<\/strong> en diversos sectores y rangos de precio. Muchos de los asesores de la firma provienen ellos mismos de haber sido due\u00f1os de negocios, continuando con el compromiso original de Chuck de <strong data-start=\"1133\" data-end=\"1171\">treat every customer like a partner.<\/strong><\/p><p data-start=\"834\" data-end=\"1173\">\u00a0<\/p><p data-start=\"1175\" data-end=\"1413\">Hoy, Amerivest contin\u00faa honrando el legado de Chuck Spallitta al combinar una profunda experiencia de mercado con un enfoque moderno y basado en datos para la compraventa y adquisici\u00f3n de negocios \u2014 manteni\u00e9ndose siempre fiel al est\u00e1ndar que \u00e9l estableci\u00f3 hace m\u00e1s de 40 a\u00f1os.<\/p>\t\t\t\t\t\t\t\t<\/div>\n\t\t\t\t<\/div>\n\t\t\t\t\t<\/div>\n\t\t\t\t<\/div>\n\t\t<div class=\"elementor-element elementor-element-186bf70 e-con-full e-flex e-con e-child\" data-id=\"186bf70\" data-element_type=\"container\" data-e-type=\"container\">\n\t\t\t\t<div class=\"elementor-element elementor-element-838189d elementor-widget elementor-widget-button\" data-id=\"838189d\" data-element_type=\"widget\" data-e-type=\"widget\" data-widget_type=\"button.default\">\n\t\t\t\t\t\t\t\t\t\t<a class=\"elementor-button elementor-button-link elementor-size-sm\" href=\"https:\/\/amerivestgroup.com\/es\/client-testimonials\/\">\n\t\t\t\t\t\t<span class=\"elementor-button-content-wrapper\">\n\t\t\t\t\t\t\t\t\t<span class=\"elementor-button-text\">Testimonials<\/span>\n\t\t\t\t\t<\/span>\n\t\t\t\t\t<\/a>\n\t\t\t\t\t\t\t\t<\/div>\n\t\t\t\t<div class=\"elementor-element elementor-element-9624e9a elementor-widget elementor-widget-button\" data-id=\"9624e9a\" data-element_type=\"widget\" data-e-type=\"widget\" data-widget_type=\"button.default\">\n\t\t\t\t\t\t\t\t\t\t<a class=\"elementor-button elementor-button-link elementor-size-sm\" href=\"https:\/\/amerivestgroup.com\/es\/past-transactions\/\">\n\t\t\t\t\t\t<span class=\"elementor-button-content-wrapper\">\n\t\t\t\t\t\t\t\t\t<span class=\"elementor-button-text\">Past Transactions<\/span>\n\t\t\t\t\t<\/span>\n\t\t\t\t\t<\/a>\n\t\t\t\t\t\t\t\t<\/div>\n\t\t\t\t<\/div>\n\t\t<div class=\"elementor-element elementor-element-f0b2f57 e-flex e-con-boxed e-con e-parent\" data-id=\"f0b2f57\" data-element_type=\"container\" data-e-type=\"container\">\n\t\t\t\t\t<div class=\"e-con-inner\">\n\t\t<div class=\"elementor-element elementor-element-ae8a440 e-con-full e-flex e-con e-child\" data-id=\"ae8a440\" data-element_type=\"container\" data-e-type=\"container\">\n\t\t\t\t<div class=\"elementor-element elementor-element-1c6cba8 elementor-widget elementor-widget-heading\" data-id=\"1c6cba8\" data-element_type=\"widget\" data-e-type=\"widget\" data-widget_type=\"heading.default\">\n\t\t\t\t\t<h2 class=\"elementor-heading-title elementor-size-default\">Asesores de Confianza Para Due\u00f1os de Negocios en Florida<\/h2>\t\t\t\t<\/div>\n\t\t\t\t<div class=\"elementor-element elementor-element-b0938c0 elementor-widget elementor-widget-text-editor\" data-id=\"b0938c0\" data-element_type=\"widget\" data-e-type=\"widget\" data-widget_type=\"text-editor.default\">\n\t\t\t\t\t\t\t\t\t<p>Selling your business is too important to trust to an inexperienced broker or a faceless platform. At Amerivest, we provide white-glove service with unmatched expertise in our community.<\/p>\t\t\t\t\t\t\t\t<\/div>\n\t\t\t\t<div class=\"elementor-element elementor-element-e2186a9 elementor-widget elementor-widget-heading\" data-id=\"e2186a9\" data-element_type=\"widget\" data-e-type=\"widget\" data-widget_type=\"heading.default\">\n\t\t\t\t\t<h4 class=\"elementor-heading-title elementor-size-default\">Por qu\u00e9 los due\u00f1os de negocios nos eligen:<\/h4>\t\t\t\t<\/div>\n\t\t<div class=\"elementor-element elementor-element-587e5a1 e-grid e-con-full e-con e-child\" data-id=\"587e5a1\" data-element_type=\"container\" data-e-type=\"container\">\n\t\t\t\t<div class=\"elementor-element elementor-element-b3ea121 elementor-widget elementor-widget-text-editor\" data-id=\"b3ea121\" data-element_type=\"widget\" data-e-type=\"widget\" data-widget_type=\"text-editor.default\">\n\t\t\t\t\t\t\t\t\t<h5>Intermediarios Certificados en Compraventa de Negocios<strong data-start=\"6913\" data-end=\"6950\"><br \/><\/strong><\/h5><p data-start=\"6953\" data-end=\"7130\">We\u2019re members of BBF and IBBA, and follow strict standards in confidentiality, valuation, and ethics.<\/p>\t\t\t\t\t\t\t\t<\/div>\n\t\t\t\t<div class=\"elementor-element elementor-element-1f876de elementor-widget elementor-widget-text-editor\" data-id=\"1f876de\" data-element_type=\"widget\" data-e-type=\"widget\" data-widget_type=\"text-editor.default\">\n\t\t\t\t\t\t\t\t\t<h5>Incentivos Alineados \u2014 Sin Pagos por Adelantado<\/h5><p data-start=\"7879\" data-end=\"7994\">Solo cobramos si su empresa se vende. Eso significa que nuestro enfoque est\u00e1 totalmente alineado con su \u00e9xito.<\/p>\t\t\t\t\t\t\t\t<\/div>\n\t\t\t\t<div class=\"elementor-element elementor-element-05b4195 elementor-widget elementor-widget-text-editor\" data-id=\"05b4195\" data-element_type=\"widget\" data-e-type=\"widget\" data-widget_type=\"text-editor.default\">\n\t\t\t\t\t\t\t\t\t<h5 data-start=\"7355\" data-end=\"7386\">Amplia Red de Compradores<\/h5><p data-start=\"7387\" data-end=\"7441\">Trabajamos con una red validada de compradores en Florida y el Sureste \u2014 incluyendo fondos de inversi\u00f3n, oficinas familiares y adquirientes estrat\u00e9gicos y privados.<\/p>\t\t\t\t\t\t\t\t<\/div>\n\t\t\t\t<div class=\"elementor-element elementor-element-7eec32c elementor-widget elementor-widget-text-editor\" data-id=\"7eec32c\" data-element_type=\"widget\" data-e-type=\"widget\" data-widget_type=\"text-editor.default\">\n\t\t\t\t\t\t\t\t\t<h5>Licencia para Vender Negocios y Bienes Ra\u00edces<\/h5><p>Muchas transacciones involucran propiedades. Estamos licenciados para manejar ambos aspectos, simplificando la estructura de la venta.<\/p>\t\t\t\t\t\t\t\t<\/div>\n\t\t\t\t<div class=\"elementor-element elementor-element-8d0121e elementor-widget elementor-widget-text-editor\" data-id=\"8d0121e\" data-element_type=\"widget\" data-e-type=\"widget\" data-widget_type=\"text-editor.default\">\n\t\t\t\t\t\t\t\t\t<h5 data-start=\"7625\" data-end=\"7682\">Experiencia con Negocios de Varios Tama\u00f1os<\/h5><p data-start=\"7683\" data-end=\"7822\">Nos especializamos en empresas con ingresos de $1M a $25M+, con procesos adaptados a su tama\u00f1o, industria y objetivos.<\/p>\t\t\t\t\t\t\t\t<\/div>\n\t\t\t\t<div class=\"elementor-element elementor-element-dd990e5 elementor-widget elementor-widget-text-editor\" data-id=\"dd990e5\" data-element_type=\"widget\" data-e-type=\"widget\" data-widget_type=\"text-editor.default\">\n\t\t\t\t\t\t\t\t\t<h5 data-start=\"170\" data-end=\"225\">Historial Comprobado\u00a0<\/h5><p data-start=\"226\" data-end=\"506\">Con m\u00e1s de 42 a\u00f1os en la industria, nuestro proceso conduce a cierres exitosos y con menos sorpresas. Su negocio es nuestra especialidad.<\/p>\t\t\t\t\t\t\t\t<\/div>\n\t\t\t\t<\/div>\n\t\t\t\t<\/div>\n\t\t\t\t\t<\/div>\n\t\t\t\t<\/div>\n\t\t<div class=\"elementor-element elementor-element-1a4b4bb e-flex e-con-boxed e-con e-parent\" data-id=\"1a4b4bb\" data-element_type=\"container\" data-e-type=\"container\" data-settings=\"{&quot;background_background&quot;:&quot;classic&quot;}\">\n\t\t\t\t\t<div class=\"e-con-inner\">\n\t\t\t\t<div class=\"elementor-element elementor-element-83bfadb elementor-widget elementor-widget-heading\" data-id=\"83bfadb\" data-element_type=\"widget\" data-e-type=\"widget\" data-widget_type=\"heading.default\">\n\t\t\t\t\t<h4 class=\"elementor-heading-title elementor-size-default\">Miembros de<\/h4>\t\t\t\t<\/div>\n\t\t\t\t\t<\/div>\n\t\t\t\t<\/div>\n\t\t<div class=\"elementor-element elementor-element-d993ccf e-flex e-con-boxed e-con e-parent\" data-id=\"d993ccf\" data-element_type=\"container\" data-e-type=\"container\">\n\t\t\t\t\t<div class=\"e-con-inner\">\n\t\t\t\t<div class=\"elementor-element elementor-element-30761bb elementor-widget elementor-widget-image\" data-id=\"30761bb\" data-element_type=\"widget\" data-e-type=\"widget\" data-widget_type=\"image.default\">\n\t\t\t\t\t\t\t\t\t\t\t\t\t\t\t<img fetchpriority=\"high\" decoding=\"async\" width=\"415\" height=\"121\" src=\"https:\/\/amerivestgroup.com\/wp-content\/uploads\/2025\/07\/IBBA-logo.png\" class=\"attachment-large size-large wp-image-724\" alt=\"IBBA logo\" srcset=\"https:\/\/amerivestgroup.com\/wp-content\/uploads\/2025\/07\/IBBA-logo.png 415w, https:\/\/amerivestgroup.com\/wp-content\/uploads\/2025\/07\/IBBA-logo-300x87.png 300w, https:\/\/amerivestgroup.com\/wp-content\/uploads\/2025\/07\/IBBA-logo-18x5.png 18w\" sizes=\"(max-width: 415px) 100vw, 415px\" \/>\t\t\t\t\t\t\t\t\t\t\t\t\t\t\t<\/div>\n\t\t\t\t<div class=\"elementor-element elementor-element-5c4ddd8 elementor-widget elementor-widget-image\" data-id=\"5c4ddd8\" data-element_type=\"widget\" data-e-type=\"widget\" data-widget_type=\"image.default\">\n\t\t\t\t\t\t\t\t\t\t\t\t\t\t\t<img decoding=\"async\" width=\"585\" height=\"86\" src=\"https:\/\/amerivestgroup.com\/wp-content\/uploads\/2025\/07\/BBF-logo.png\" class=\"attachment-large size-large wp-image-607\" alt=\"BBF logo\" srcset=\"https:\/\/amerivestgroup.com\/wp-content\/uploads\/2025\/07\/BBF-logo.png 585w, https:\/\/amerivestgroup.com\/wp-content\/uploads\/2025\/07\/BBF-logo-300x44.png 300w, https:\/\/amerivestgroup.com\/wp-content\/uploads\/2025\/07\/BBF-logo-18x3.png 18w\" sizes=\"(max-width: 585px) 100vw, 585px\" \/>\t\t\t\t\t\t\t\t\t\t\t\t\t\t\t<\/div>\n\t\t\t\t<div class=\"elementor-element elementor-element-127774c elementor-widget elementor-widget-image\" data-id=\"127774c\" data-element_type=\"widget\" data-e-type=\"widget\" data-widget_type=\"image.default\">\n\t\t\t\t\t\t\t\t\t\t\t\t\t\t\t<img decoding=\"async\" width=\"274\" height=\"180\" src=\"https:\/\/amerivestgroup.com\/wp-content\/uploads\/2025\/10\/ma-source-logo.jpg\" class=\"attachment-large size-large wp-image-2091\" alt=\"M&amp;A Source\" srcset=\"https:\/\/amerivestgroup.com\/wp-content\/uploads\/2025\/10\/ma-source-logo.jpg 274w, https:\/\/amerivestgroup.com\/wp-content\/uploads\/2025\/10\/ma-source-logo-18x12.jpg 18w\" sizes=\"(max-width: 274px) 100vw, 274px\" \/>\t\t\t\t\t\t\t\t\t\t\t\t\t\t\t<\/div>\n\t\t\t\t\t<\/div>\n\t\t\t\t<\/div>\n\t\t<div class=\"elementor-element elementor-element-3bffc64 e-flex e-con-boxed e-con e-parent\" data-id=\"3bffc64\" data-element_type=\"container\" data-e-type=\"container\" data-settings=\"{&quot;background_background&quot;:&quot;classic&quot;}\">\n\t\t\t\t\t<div class=\"e-con-inner\">\n\t\t\t\t<div class=\"elementor-element elementor-element-4f2ff58 elementor-widget elementor-widget-heading\" data-id=\"4f2ff58\" data-element_type=\"widget\" data-e-type=\"widget\" data-widget_type=\"heading.default\">\n\t\t\t\t\t<h3 class=\"elementor-heading-title elementor-size-default\">Inicie una Conversaci\u00f3n Confidencial<\/h3>\t\t\t\t<\/div>\n\t\t\t\t<div class=\"elementor-element elementor-element-bad3c59 elementor-widget__width-initial elementor-widget elementor-widget-text-editor\" data-id=\"bad3c59\" data-element_type=\"widget\" data-e-type=\"widget\" data-widget_type=\"text-editor.default\">\n\t\t\t\t\t\t\t\t\t<p>Ya sea que apenas est\u00e9 explorando sus opciones o listo para avanzar, estamos aqu\u00ed para escucharle y acompa\u00f1arle en el proceso.<\/p>\t\t\t\t\t\t\t\t<\/div>\n\t\t<div class=\"elementor-element elementor-element-a0f05ca e-con-full e-flex e-con e-child\" data-id=\"a0f05ca\" data-element_type=\"container\" data-e-type=\"container\">\n\t\t\t\t<div class=\"elementor-element elementor-element-0f12862 elementor-widget__width-initial elementor-widget elementor-widget-button\" data-id=\"0f12862\" data-element_type=\"widget\" data-e-type=\"widget\" data-widget_type=\"button.default\">\n\t\t\t\t\t\t\t\t\t\t<a class=\"elementor-button elementor-button-link elementor-size-sm elementor-animation-shrink\" href=\"https:\/\/www.azulbusinessadvisors.com\/buyers\/#buyer-form\" target=\"_blank\" rel=\"noopener\">\n\t\t\t\t\t\t<span class=\"elementor-button-content-wrapper\">\n\t\t\t\t\t\t\t\t\t<span class=\"elementor-button-text\">Compradores<\/span>\n\t\t\t\t\t<\/span>\n\t\t\t\t\t<\/a>\n\t\t\t\t\t\t\t\t<\/div>\n\t\t\t\t<div class=\"elementor-element elementor-element-0806054 elementor-widget__width-initial elementor-widget elementor-widget-button\" data-id=\"0806054\" data-element_type=\"widget\" data-e-type=\"widget\" data-widget_type=\"button.default\">\n\t\t\t\t\t\t\t\t\t\t<a class=\"elementor-button elementor-button-link elementor-size-sm elementor-animation-shrink\" href=\"https:\/\/www.azulbusinessadvisors.com\/sellers\/\/#seller-form\" target=\"_blank\" rel=\"noopener\">\n\t\t\t\t\t\t<span class=\"elementor-button-content-wrapper\">\n\t\t\t\t\t\t\t\t\t<span class=\"elementor-button-text\">Vendedores<\/span>\n\t\t\t\t\t<\/span>\n\t\t\t\t\t<\/a>\n\t\t\t\t\t\t\t\t<\/div>\n\t\t\t\t<\/div>\n\t\t\t\t\t<\/div>\n\t\t\t\t<\/div>\n\t\t\t\t<\/div>","protected":false},"excerpt":{"rendered":"<p>Business Brokers since 1983 At Amerivest, we specialize in guiding Florida business owners through the high-stakes process of buying or [&hellip;]<\/p>\n","protected":false},"author":1,"featured_media":0,"parent":0,"menu_order":0,"comment_status":"closed","ping_status":"closed","template":"","meta":{"site-sidebar-layout":"no-sidebar","site-content-layout":"","ast-site-content-layout":"full-width-container","site-content-style":"default","site-sidebar-style":"default","ast-global-header-display":"","ast-banner-title-visibility":"","ast-main-header-display":"","ast-hfb-above-header-display":"","ast-hfb-below-header-display":"","ast-hfb-mobile-header-display":"","site-post-title":"disabled","ast-breadcrumbs-content":"","ast-featured-img":"disabled","footer-sml-layout":"","ast-disable-related-posts":"","theme-transparent-header-meta":"","adv-header-id-meta":"","stick-header-meta":"","header-above-stick-meta":"","header-main-stick-meta":"","header-below-stick-meta":"","astra-migrate-meta-layouts":"default","ast-page-background-enabled":"default","ast-page-background-meta":{"desktop":{"background-color":"var(--ast-global-color-4)","background-image":"","background-repeat":"repeat","background-position":"center center","background-size":"auto","background-attachment":"scroll","background-type":"","background-media":"","overlay-type":"","overlay-color":"","overlay-opacity":"","overlay-gradient":""},"tablet":{"background-color":"","background-image":"","background-repeat":"repeat","background-position":"center center","background-size":"auto","background-attachment":"scroll","background-type":"","background-media":"","overlay-type":"","overlay-color":"","overlay-opacity":"","overlay-gradient":""},"mobile":{"background-color":"","background-image":"","background-repeat":"repeat","background-position":"center center","background-size":"auto","background-attachment":"scroll","background-type":"","background-media":"","overlay-type":"","overlay-color":"","overlay-opacity":"","overlay-gradient":""}},"ast-content-background-meta":{"desktop":{"background-color":"var(--ast-global-color-5)","background-image":"","background-repeat":"repeat","background-position":"center center","background-size":"auto","background-attachment":"scroll","background-type":"","background-media":"","overlay-type":"","overlay-color":"","overlay-opacity":"","overlay-gradient":""},"tablet":{"background-color":"var(--ast-global-color-5)","background-image":"","background-repeat":"repeat","background-position":"center center","background-size":"auto","background-attachment":"scroll","background-type":"","background-media":"","overlay-type":"","overlay-color":"","overlay-opacity":"","overlay-gradient":""},"mobile":{"background-color":"var(--ast-global-color-5)","background-image":"","background-repeat":"repeat","background-position":"center center","background-size":"auto","background-attachment":"scroll","background-type":"","background-media":"","overlay-type":"","overlay-color":"","overlay-opacity":"","overlay-gradient":""}},"footnotes":""},"class_list":["post-29","page","type-page","status-publish","hentry"],"_links":{"self":[{"href":"https:\/\/amerivestgroup.com\/es\/wp-json\/wp\/v2\/pages\/29","targetHints":{"allow":["GET"]}}],"collection":[{"href":"https:\/\/amerivestgroup.com\/es\/wp-json\/wp\/v2\/pages"}],"about":[{"href":"https:\/\/amerivestgroup.com\/es\/wp-json\/wp\/v2\/types\/page"}],"author":[{"embeddable":true,"href":"https:\/\/amerivestgroup.com\/es\/wp-json\/wp\/v2\/users\/1"}],"replies":[{"embeddable":true,"href":"https:\/\/amerivestgroup.com\/es\/wp-json\/wp\/v2\/comments?post=29"}],"version-history":[{"count":20,"href":"https:\/\/amerivestgroup.com\/es\/wp-json\/wp\/v2\/pages\/29\/revisions"}],"predecessor-version":[{"id":4333,"href":"https:\/\/amerivestgroup.com\/es\/wp-json\/wp\/v2\/pages\/29\/revisions\/4333"}],"wp:attachment":[{"href":"https:\/\/amerivestgroup.com\/es\/wp-json\/wp\/v2\/media?parent=29"}],"curies":[{"name":"wp","href":"https:\/\/api.w.org\/{rel}","templated":true}]}}